{"id":1127,"date":"2024-06-28T13:05:47","date_gmt":"2024-06-28T13:05:47","guid":{"rendered":"https:\/\/taxienelcamino.com\/?page_id=1127"},"modified":"2024-06-28T13:08:53","modified_gmt":"2024-06-28T13:08:53","slug":"politica-de-privacidad","status":"publish","type":"page","link":"https:\/\/taxienelcamino.com\/en\/politica-de-privacidad\/","title":{"rendered":"Policy Privacy"},"content":{"rendered":"<div class=\"wpb-content-wrapper\"><div class=\"vc_row wpb_row vc_row-fluid\"><div class=\"wpb_column vc_column_container vc_col-sm-12\"><div class=\"vc_column-inner\"><div class=\"wpb_wrapper\">\n\t<div class=\"wpb_text_column wpb_content_element\" >\n\t\t<div class=\"wpb_wrapper\">\n\t\t\t<h1 class=\"western\" align=\"justify\"><span lang=\"es-ES\"><b>Policy Privacy<\/b><\/span><\/h1>\n<h1 class=\"western\" align=\"justify\"><span lang=\"es-ES\"><b>Responsable del tratamiento de los datos<\/b><\/span><\/h1>\n<p class=\"western\"><strong class=\"western\"><span lang=\"es-ES\">AVISO LEGAL:<\/span><\/strong><\/p>\n<p class=\"western\"><span lang=\"es-ES\">En cumplimiento del art\u00edculo 10 de la Ley 34\/2002, de 11 de julio, de Servicios de la Sociedad de la Informaci\u00f3n y Comercio Electr\u00f3nico (LSSICE) a continuaci\u00f3n se detallan los datos identificativos de la empresa:<\/span><\/p>\n<p>Nombre empresa: Taxi en el Camino<\/p>\n<p>Raz\u00f3n social:<i><b> <\/b><\/i><span lang=\"es-ES\"><i><b>Miguel Fontao<br \/>\n<\/b><\/i><\/span><\/p>\n<p>NIF:\u00a033325060S<\/p>\n<p>Direcci\u00f3n: CALLE ESTRELLA 1 PISO 3\u00baB 27600 Sarria LUGO ESPA\u00d1A.<\/p>\n<p>Tel\u00e9fono: +34 640113453<\/p>\n<p>Email: info@taxienelcamino.com<\/p>\n<p>&nbsp;<\/p>\n<h2 class=\"western\" align=\"center\"><span lang=\"es-ES\"><b>AVISO LEGAL<\/b><\/span><\/h2>\n<p class=\"western\" align=\"justify\"><span lang=\"es-ES\">De acuerdo con lo establecido en el Reglamento General de Protecci\u00f3n de Datos, le informamos que trataremos sus datos personales con la finalidad de:<\/span><\/p>\n<h3 class=\"western\" align=\"justify\"><span lang=\"es-ES\"><i><b>[entregarle el producto comprado, e informarle sobre los productos o servicios publicados en nuestra web]<\/b><\/i><\/span><\/h3>\n<p class=\"western\" align=\"justify\"><span lang=\"es-ES\">Los datos personales proporcionados se conservar\u00e1n, mientras se mantenga la relaci\u00f3n mercantil, no se solicite su supresi\u00f3n por el interesado, o durante 1 a\u00f1o a partir de la \u00faltima confirmaci\u00f3n de inter\u00e9s, o durante el tiempo necesario para cumplir con las obligaciones legales. La empresa NO tomar\u00e1 decisiones automatizadas. Los datos no se ceder\u00e1n a terceros salvo en los casos en que exista una obligaci\u00f3n legal y los trataremos en base a [<\/span><span lang=\"es-ES\"><i><b>su consentimiento o ejecuci\u00f3n de un contrato]<\/b><\/i><\/span><span lang=\"es-ES\"><i>.<\/i><\/span><\/p>\n<p class=\"western\" align=\"justify\"><span lang=\"es-ES\">Asimismo, le informamos de la posibilidad de ejercer los siguientes derechos sobre sus datos personales: derecho de acceso, rectificaci\u00f3n, supresi\u00f3n u olvido, limitaci\u00f3n, oposici\u00f3n, portabilidad y a retirar el consentimiento prestado, para ello podr\u00e1 enviar un email a:\u00a0<\/span><span lang=\"zxx\">info@taxienelcamino.com<\/span><\/p>\n<p class=\"western\"><span lang=\"es-ES\">Adem\u00e1s, el interesado puede dirigirse a la Autoridad de Control en materia de Protecci\u00f3n de Datos competente para obtener informaci\u00f3n adicional o presentar una reclamaci\u00f3n. Agencia Espa\u00f1ola de Protecci\u00f3n de Datos, en adelante, AEPD,\u00a0<\/span><a class=\"western\" href=\"http:\/\/www.agpd.es\/\"><span lang=\"zxx\"><u>www.agpd.es<\/u><\/span><\/a><span lang=\"es-ES\">.<\/span><\/p>\n<p class=\"western\"><span lang=\"es-ES\">Datos identificativos del responsable:<\/span><\/p>\n<p><span lang=\"es-ES\"><i><b>Miguel Fontao, DNI: <\/b><\/i><\/span>33325060S, CALLE ESTRELLA 1 PISO 3\u00baB 27600 Sarria LUGO ESPA\u00d1A. Tel\u00e9fono: +34 640113453. Email: info@taxienelcamino.com<\/p>\n<h2 class=\"western\"><span lang=\"es-ES\"><b>Seguridad y actualizaci\u00f3n de sus datos personales<\/b><\/span><\/h2>\n<p class=\"western\"><span lang=\"es-ES\">Con el objetivo de salvaguardar la seguridad de sus datos personales, le informamos que Pensi\u00f3n Casa do Gallo ha adoptado todas las medidas de \u00edndole t\u00e9cnica y organizativa necesarias para garantizar la seguridad de los datos personales suministrados. Todo ello para evitar su alteraci\u00f3n, p\u00e9rdida, y\/o tratamientos o accesos no autorizados, tal como exige la normativa, si bien la seguridad absoluta no existe.<\/span><\/p>\n<p class=\"western\"><span lang=\"es-ES\">Es importante que, para que podamos mantener sus datos personales actualizados, nos informe siempre que se produzca una modificaci\u00f3n de los mismos.<\/span><\/p>\n<h2 class=\"western\"><span lang=\"es-ES\"><b>Confidencialidad<\/b><\/span><\/h2>\n<p class=\"western\"><strong class=\"western\"><span lang=\"es-ES\">Pensi\u00f3n Casa do Gallo le informa que sus datos ser\u00e1n tratados con el m\u00e1ximo celo y confidencialidad por todo el personal que intervenga en cualquiera de las fases del tratamiento. No cederemos ni comunicaremos a ning\u00fan tercero sus datos, excepto en los casos legalmente previstos, o salvo que el interesado nos hubiera autorizado expresamente.<\/span><\/strong><\/p>\n<p class=\"western\" align=\"center\"><span lang=\"es-ES\"><b>CONSENTIMIENTO<\/b><\/span><\/p>\n<p class=\"western\" align=\"justify\"><span lang=\"es-ES\">La finalidad y uso previsto tanto de los datos en s\u00ed mismos como de su tratamiento, es prestarle el servicio solicitado o entregarle el producto adquirido. A continuaci\u00f3n podr\u00e1 aceptar las finalidades que crea convenientes marcando su casilla correspondiente y clicando en el bot\u00f3n ACEPTAR, tenga en cuenta que algunas finalidades pueden ser necesarias para poderle prestar el servicio, en el caso de NO marcar dichas casillas, no se podr\u00e1 prestar\/entregar el servicio\/producto<\/span>\u00a0<span class=\"western\" lang=\"es-ES\">asociado.<\/span><\/p>\n<h1><\/h1>\n<div class=\"entry-content\">\n<p>&nbsp;<\/p>\n<\/div>\n\n\t\t<\/div>\n\t<\/div>\n<\/div><\/div><\/div><\/div>\n<\/div>","protected":false},"excerpt":{"rendered":"Pol\u00edtica de Privacidad Responsable del tratamiento de los datos AVISO LEGAL: En cumplimiento del art\u00edculo 10 de la Ley 34\/2002, de 11 de julio, de Servicios de la Sociedad de la Informaci\u00f3n y Comercio Electr\u00f3nico (LSSICE) a continuaci\u00f3n se detallan los datos identificativos de la empresa: Nombre empresa: Taxi en el Camino Raz\u00f3n social: Miguel [...]","protected":false},"author":4,"featured_media":0,"parent":0,"menu_order":0,"comment_status":"closed","ping_status":"closed","template":"","meta":{"_joinchat":[],"footnotes":""},"class_list":["post-1127","page","type-page","status-publish","hentry"],"_links":{"self":[{"href":"https:\/\/taxienelcamino.com\/en\/wp-json\/wp\/v2\/pages\/1127","targetHints":{"allow":["GET"]}}],"collection":[{"href":"https:\/\/taxienelcamino.com\/en\/wp-json\/wp\/v2\/pages"}],"about":[{"href":"https:\/\/taxienelcamino.com\/en\/wp-json\/wp\/v2\/types\/page"}],"author":[{"embeddable":true,"href":"https:\/\/taxienelcamino.com\/en\/wp-json\/wp\/v2\/users\/4"}],"replies":[{"embeddable":true,"href":"https:\/\/taxienelcamino.com\/en\/wp-json\/wp\/v2\/comments?post=1127"}],"version-history":[{"count":0,"href":"https:\/\/taxienelcamino.com\/en\/wp-json\/wp\/v2\/pages\/1127\/revisions"}],"wp:attachment":[{"href":"https:\/\/taxienelcamino.com\/en\/wp-json\/wp\/v2\/media?parent=1127"}],"curies":[{"name":"wp","href":"https:\/\/api.w.org\/{rel}","templated":true}]}}