{"id":1297,"date":"2024-07-23T13:03:17","date_gmt":"2024-07-23T13:03:17","guid":{"rendered":"https:\/\/taxienelcamino.com\/?page_id=1297"},"modified":"2025-05-21T07:39:36","modified_gmt":"2025-05-21T07:39:36","slug":"terminos-y-condiciones-del-servicio","status":"publish","type":"page","link":"https:\/\/taxienelcamino.com\/en\/terminos-y-condiciones-del-servicio\/","title":{"rendered":"T\u00e9rminos y Condiciones del Servicio"},"content":{"rendered":"<div class=\"wpb-content-wrapper\"><div class=\"vc_row wpb_row vc_row-fluid\"><div class=\"wpb_column vc_column_container vc_col-sm-12\"><div class=\"vc_column-inner\"><div class=\"wpb_wrapper\">\n\t<div class=\"wpb_text_column wpb_content_element\" >\n\t\t<div class=\"wpb_wrapper\">\n\t\t\t<p>**T\u00e9rminos y Condiciones de Taxi en el Camino**<\/p>\n<p>Nombre empresa: Taxi en el Camino<\/p>\n<p>Raz\u00f3n social:<i><b> <\/b><\/i><span lang=\"es-ES\"><i><b>Miguel Fontao Vila<\/b><\/i><\/span><\/p>\n<p>NIF:\u00a033325060S<\/p>\n<p>Direcci\u00f3n: CALLE ESTRELLA 1 PISO 3\u00baB 27600 Sarria LUGO ESPA\u00d1A.<\/p>\n<p>Tel\u00e9fono: +34 640113453<\/p>\n<p>Email: info@taxienelcamino.com<\/p>\n<p>**1. Introducci\u00f3n**<\/p>\n<p>Estos t\u00e9rminos y condiciones (en adelante, \u00abT\u00e9rminos\u00bb) rigen el uso del servicio de transfers proporcionado por Taxi en el Camino (en adelante, \u00abla Empresa\u00bb). Al utilizar nuestro servicio, usted acepta cumplir con estos T\u00e9rminos. Si no est\u00e1 de acuerdo con alguno de los t\u00e9rminos, no debe utilizar nuestros servicios.<\/p>\n<p>**2. Descripci\u00f3n del Servicio**<\/p>\n<p>La Empresa ofrece servicios de transporte privado (transfers) en el Camino de Santiago, incluyendo traslados desde y hacia aeropuertos, estaciones de tren, hoteles y otros puntos de inter\u00e9s relacionados con el Camino de Santiago.<\/p>\n<p>**3. Reservas**<\/p>\n<p>3.1. Las reservas deben realizarse con un m\u00ednimo de 24 horas de antelaci\u00f3n.<\/p>\n<p>3.2. Para formalizar la reserva, se deber\u00e1 realizar un Bizum de 30\u20ac al n\u00famero +34 640 11 34 53. Esta cantidad se deducir\u00e1 del precio total del servicio.<\/p>\n<p>3.3. Al realizar una reserva, el cliente debe proporcionar los siguientes datos necesarios:<br \/>\n&#8211; Nombre completo<br \/>\n&#8211; N\u00famero de vuelo (si aplica)<br \/>\n&#8211; Lugar y hora de recogida<br \/>\n&#8211; N\u00famero de pasajeros<br \/>\n&#8211; Lugar de destino<br \/>\n&#8211; Poblaci\u00f3n y alojamiento en caso de ser el destino final<\/p>\n<p>3.4. La Empresa se reserva el derecho de rechazar cualquier reserva sin previo aviso y sin necesidad de justificar la decisi\u00f3n.<\/p>\n<p>**4. Tarifas y Pagos**<\/p>\n<p>4.1. Las tarifas del servicio se calculan en base a la distancia y el tiempo del trayecto.<\/p>\n<p>4.2. El pago debe realizarse en el momento de la reserva mediante Bizum u otros m\u00e9todos de pago aceptados por la Empresa. (Tarjetas de cr\u00e9dito o d\u00e9bito y efectivo)<\/p>\n<p>4.3. Cualquier cambio en la ruta que implique un costo adicional ser\u00e1 informado al cliente, quien deber\u00e1 aceptar y abonar el importe adicional correspondiente.<\/p>\n<p>**5. Cancelaciones y Reembolsos**<\/p>\n<p>5.1. Las cancelaciones realizadas con al menos 5 d\u00edas de antelaci\u00f3n al horario previsto del servicio ser\u00e1n reembolsadas en su totalidad.<\/p>\n<p>5.2. Las cancelaciones realizadas con menos de 5 d\u00edas de antelaci\u00f3n no ser\u00e1n reembolsadas.<\/p>\n<p>5.3. En caso de no presentaci\u00f3n (no-show), el cliente no tendr\u00e1 derecho a ning\u00fan reembolso.<\/p>\n<p>**6. Responsabilidades del Cliente**<\/p>\n<p>6.1. El cliente es responsable de estar listo en el punto de recogida en el horario acordado.<\/p>\n<p>6.2. El cliente debe asegurarse de que toda la informaci\u00f3n proporcionada al momento de la reserva es correcta y completa.<\/p>\n<p>6.3. El cliente es responsable de sus pertenencias personales durante el servicio de transfer. La Empresa no se hace responsable por la p\u00e9rdida o da\u00f1o de bienes personales.<\/p>\n<p>**7. Responsabilidades de la Empresa**<\/p>\n<p>7.1. La Empresa se compromete a proporcionar un veh\u00edculo y un conductor profesional para el servicio de transfer.<\/p>\n<p>7.2. La Empresa har\u00e1 todo lo posible para llegar puntualmente al punto de recogida. Sin embargo, no se responsabiliza por retrasos causados por circunstancias fuera de su control, tales como tr\u00e1fico, condiciones meteorol\u00f3gicas adversas, o eventos imprevistos.<\/p>\n<p>7.3. La Empresa tiene el derecho de cancelar el servicio en cualquier momento debido a circunstancias imprevistas, en cuyo caso se proporcionar\u00e1 un reembolso completo al cliente.<\/p>\n<p>**8. Seguro**<\/p>\n<p>La Empresa cuenta con un seguro adecuado que cubre tanto al veh\u00edculo como a los pasajeros durante el trayecto.<\/p>\n<p>**9. Conducta del Pasajero**<\/p>\n<p>9.1. Los pasajeros deben comportarse de manera adecuada y respetuosa durante el trayecto.<\/p>\n<p>9.2. Cualquier da\u00f1o causado al veh\u00edculo por el pasajero ser\u00e1 responsabilidad del mismo, y deber\u00e1 compensar a la Empresa por los costos de reparaci\u00f3n.<\/p>\n<p>**10. Modificaciones de los T\u00e9rminos y Condiciones**<\/p>\n<p>La Empresa se reserva el derecho de modificar estos T\u00e9rminos en cualquier momento. Las modificaciones ser\u00e1n efectivas una vez publicadas en el sitio web de la Empresa. Es responsabilidad del cliente revisar regularmente los T\u00e9rminos.<\/p>\n<p>**11. Ley Aplicable y Jurisdicci\u00f3n**<\/p>\n<p>Estos T\u00e9rminos se regir\u00e1n e interpretar\u00e1n de acuerdo con las leyes de Espa\u00f1a. Cualquier disputa que surja en relaci\u00f3n con estos T\u00e9rminos estar\u00e1 sujeta a la jurisdicci\u00f3n exclusiva de los tribunales de Sarria, Lugo, Galicia.<\/p>\n\n\t\t<\/div>\n\t<\/div>\n<\/div><\/div><\/div><\/div>\n<\/div>","protected":false},"excerpt":{"rendered":"**T\u00e9rminos y Condiciones de Taxi en el Camino** Nombre empresa: Taxi en el Camino Raz\u00f3n social: Miguel Fontao Vila NIF:\u00a033325060S Direcci\u00f3n: CALLE ESTRELLA 1 PISO 3\u00baB 27600 Sarria LUGO ESPA\u00d1A. Tel\u00e9fono: +34 640113453 Email: info@taxienelcamino.com **1. Introducci\u00f3n** Estos t\u00e9rminos y condiciones (en adelante, \"T\u00e9rminos\") rigen el uso del servicio de transfers proporcionado por Taxi en [...]","protected":false},"author":4,"featured_media":0,"parent":0,"menu_order":0,"comment_status":"closed","ping_status":"closed","template":"","meta":{"_joinchat":[],"footnotes":""},"class_list":["post-1297","page","type-page","status-publish","hentry"],"_links":{"self":[{"href":"https:\/\/taxienelcamino.com\/en\/wp-json\/wp\/v2\/pages\/1297","targetHints":{"allow":["GET"]}}],"collection":[{"href":"https:\/\/taxienelcamino.com\/en\/wp-json\/wp\/v2\/pages"}],"about":[{"href":"https:\/\/taxienelcamino.com\/en\/wp-json\/wp\/v2\/types\/page"}],"author":[{"embeddable":true,"href":"https:\/\/taxienelcamino.com\/en\/wp-json\/wp\/v2\/users\/4"}],"replies":[{"embeddable":true,"href":"https:\/\/taxienelcamino.com\/en\/wp-json\/wp\/v2\/comments?post=1297"}],"version-history":[{"count":0,"href":"https:\/\/taxienelcamino.com\/en\/wp-json\/wp\/v2\/pages\/1297\/revisions"}],"wp:attachment":[{"href":"https:\/\/taxienelcamino.com\/en\/wp-json\/wp\/v2\/media?parent=1297"}],"curies":[{"name":"wp","href":"https:\/\/api.w.org\/{rel}","templated":true}]}}