{"id":1456,"date":"2024-08-04T10:49:11","date_gmt":"2024-08-04T10:49:11","guid":{"rendered":"https:\/\/taxienelcamino.com\/?page_id=1456"},"modified":"2024-08-04T10:52:55","modified_gmt":"2024-08-04T10:52:55","slug":"cancelaciones-y-reembolsos","status":"publish","type":"page","link":"https:\/\/taxienelcamino.com\/en\/cancelaciones-y-reembolsos\/","title":{"rendered":"Cancelaciones y Reembolsos"},"content":{"rendered":"<div class=\"wpb-content-wrapper\"><div class=\"vc_row wpb_row vc_row-fluid\"><div class=\"wpb_column vc_column_container vc_col-sm-12\"><div class=\"vc_column-inner\"><div class=\"wpb_wrapper\">\n\t<div class=\"wpb_text_column wpb_content_element\" >\n\t\t<div class=\"wpb_wrapper\">\n\t\t\t<p>Cancelaciones y Reembolsos**<\/p>\n<p>1. Las cancelaciones realizadas con al menos 5 d\u00edas de antelaci\u00f3n al horario previsto del servicio ser\u00e1n reembolsadas en su totalidad.<\/p>\n<p>2. Las cancelaciones realizadas con menos de 5 d\u00edas de antelaci\u00f3n no ser\u00e1n reembolsadas.<\/p>\n<p>3. En caso de no presentaci\u00f3n (no-show), el cliente no tendr\u00e1 derecho a ning\u00fan reembolso.<\/p>\n\n\t\t<\/div>\n\t<\/div>\n<\/div><\/div><\/div><\/div>\n<\/div>","protected":false},"excerpt":{"rendered":"Cancelaciones y Reembolsos** 1. Las cancelaciones realizadas con al menos 5 d\u00edas de antelaci\u00f3n al horario previsto del servicio ser\u00e1n reembolsadas en su totalidad. 2. Las cancelaciones realizadas con menos de 5 d\u00edas de antelaci\u00f3n no ser\u00e1n reembolsadas. 3. En caso de no presentaci\u00f3n (no-show), el cliente no tendr\u00e1 derecho a ning\u00fan reembolso.","protected":false},"author":4,"featured_media":0,"parent":0,"menu_order":0,"comment_status":"closed","ping_status":"closed","template":"","meta":{"_joinchat":[],"footnotes":""},"class_list":["post-1456","page","type-page","status-publish","hentry"],"_links":{"self":[{"href":"https:\/\/taxienelcamino.com\/en\/wp-json\/wp\/v2\/pages\/1456","targetHints":{"allow":["GET"]}}],"collection":[{"href":"https:\/\/taxienelcamino.com\/en\/wp-json\/wp\/v2\/pages"}],"about":[{"href":"https:\/\/taxienelcamino.com\/en\/wp-json\/wp\/v2\/types\/page"}],"author":[{"embeddable":true,"href":"https:\/\/taxienelcamino.com\/en\/wp-json\/wp\/v2\/users\/4"}],"replies":[{"embeddable":true,"href":"https:\/\/taxienelcamino.com\/en\/wp-json\/wp\/v2\/comments?post=1456"}],"version-history":[{"count":0,"href":"https:\/\/taxienelcamino.com\/en\/wp-json\/wp\/v2\/pages\/1456\/revisions"}],"wp:attachment":[{"href":"https:\/\/taxienelcamino.com\/en\/wp-json\/wp\/v2\/media?parent=1456"}],"curies":[{"name":"wp","href":"https:\/\/api.w.org\/{rel}","templated":true}]}}